{"id":2773,"date":"2022-11-08T14:40:57","date_gmt":"2022-11-08T13:40:57","guid":{"rendered":"https:\/\/vanijzendoorndev.nl\/product\/dermatologie-ethnique-dr-f-f-v-hamerlinck-et-al\/"},"modified":"2022-12-06T12:02:03","modified_gmt":"2022-12-06T11:02:03","slug":"dermatologie-ethnique-dr-f-f-v-hamerlinck-et-al","status":"publish","type":"product","link":"https:\/\/drhamerlinck.com\/fr\/produit\/dermatologie-ethnique-dr-f-f-v-hamerlinck-et-al\/","title":{"rendered":"Dermatologie ethnique Dr F.F.V. Hamerlinck et al."},"content":{"rendered":"","protected":false},"excerpt":{"rendered":"<h2>Dermatologie Ethnique<\/h2>\n<p>&nbsp;<\/p>\n<h3>La dermatologie ethnique ne concerne pas la dermatologie tropicale, elle concerne, entre autres, l&rsquo;influence que le climat europ\u00e9en a sur la peau des personnes qui n&rsquo;ont pas d&rsquo;ascendance europ\u00e9enne.<\/h3>\n<p>Ne jamais appliquer de pr\u00e9paration occlusive sur une peau pigment\u00e9e<br \/>\nLes produits contenant du propyl\u00e8ne glycol peuvent provoquer une hyperpigmentation et doivent \u00eatre \u00e9vit\u00e9s sur les peaux pigment\u00e9es<\/p>\n<p>Ces questions et d&rsquo;autres sont trait\u00e9es dans cet ouvrage de r\u00e9f\u00e9rence par le Dr Hamerlinck.<br \/>\nDe plus, 41 affections dermatologiques courantes des peaux pigment\u00e9es sont abord\u00e9es et accompagn\u00e9es de conseils th\u00e9rapeutiques pharmacoth\u00e9rapeutiques.<\/p>\n","protected":false},"featured_media":2606,"comment_status":"closed","ping_status":"closed","template":"","meta":[],"product_brand":[],"product_cat":[62],"product_tag":[],"class_list":{"0":"post-2773","1":"product","2":"type-product","3":"status-publish","4":"has-post-thumbnail","6":"product_cat-livre","8":"first","9":"instock","10":"shipping-taxable","11":"purchasable","12":"product-type-simple"},"_links":{"self":[{"href":"https:\/\/drhamerlinck.com\/fr\/wp-json\/wp\/v2\/product\/2773","targetHints":{"allow":["GET"]}}],"collection":[{"href":"https:\/\/drhamerlinck.com\/fr\/wp-json\/wp\/v2\/product"}],"about":[{"href":"https:\/\/drhamerlinck.com\/fr\/wp-json\/wp\/v2\/types\/product"}],"replies":[{"embeddable":true,"href":"https:\/\/drhamerlinck.com\/fr\/wp-json\/wp\/v2\/comments?post=2773"}],"wp:featuredmedia":[{"embeddable":true,"href":"https:\/\/drhamerlinck.com\/fr\/wp-json\/wp\/v2\/media\/2606"}],"wp:attachment":[{"href":"https:\/\/drhamerlinck.com\/fr\/wp-json\/wp\/v2\/media?parent=2773"}],"wp:term":[{"taxonomy":"product_brand","embeddable":true,"href":"https:\/\/drhamerlinck.com\/fr\/wp-json\/wp\/v2\/product_brand?post=2773"},{"taxonomy":"product_cat","embeddable":true,"href":"https:\/\/drhamerlinck.com\/fr\/wp-json\/wp\/v2\/product_cat?post=2773"},{"taxonomy":"product_tag","embeddable":true,"href":"https:\/\/drhamerlinck.com\/fr\/wp-json\/wp\/v2\/product_tag?post=2773"}],"curies":[{"name":"wp","href":"https:\/\/api.w.org\/{rel}","templated":true}]}}