{"id":2768,"date":"2022-11-08T14:40:58","date_gmt":"2022-11-08T13:40:58","guid":{"rendered":"https:\/\/vanijzendoorndev.nl\/product\/creme-decolorante\/"},"modified":"2023-04-17T15:41:21","modified_gmt":"2023-04-17T13:41:21","slug":"creme-decolorante","status":"publish","type":"product","link":"https:\/\/drhamerlinck.com\/fr\/produit\/creme-decolorante\/","title":{"rendered":"Cr\u00e8me d\u00e9colorante"},"content":{"rendered":"","protected":false},"excerpt":{"rendered":"<h2><strong>Dr. Hamerlinck Ethnic Skin Expertise<\/strong><\/h2>\n<h3><strong>Tous les types de peau<\/strong><\/h3>\n<p>d&rsquo;hydrocortisone, du butylhydroxytolu\u00e8ne, de l&rsquo;alcool c\u00e9tonate \u00e0 95% dans la cr\u00e8me lanette II.<\/p>\n<p>Cette cr\u00e8me d\u00e9colorante convient tr\u00e8s bien aux peaux pigment\u00e9es.<br \/>\nLa cr\u00e8me est utilis\u00e9e pour les taches brunes apr\u00e8s l&rsquo;acn\u00e9, l&rsquo;ecz\u00e9ma ou pour r\u00e9duire l&rsquo;inflammation.<\/p>\n<p>La vitamine E est un antioxydant et prot\u00e8ge contre les dommages.<\/p>\n<p>L&rsquo;hydrocortisone inhibe l&rsquo;inflammation, r\u00e9duit les rougeurs, les irritations et les d\u00e9mangeaisons.<\/p>\n<p>Comme effet secondaire, la peau peut devenir plus fine ou les infections peuvent \u00eatre masqu\u00e9es.<br \/>\nUne hypopigmentation peut \u00e9galement survenir, en particulier avec une peau fonc\u00e9e.<br \/>\nCes effets secondaires ne surviennent g\u00e9n\u00e9ralement qu&rsquo;apr\u00e8s des mois d&rsquo;utilisation.<\/p>\n<p>La tr\u00e9tino\u00efne (vitamine A acide) poss\u00e8de des propri\u00e9t\u00e9s anti-inflammatoires et assure le renouvellement de la peau.<\/p>\n<p>Comme effet secondaire de la tr\u00e9tino\u00efne, une irritation de la peau, une sensation de br\u00fblure et des rougeurs peuvent survenir.<br \/>\nC&rsquo;est pourquoi il est conseill\u00e9 de ne pas l&rsquo;utiliser tous les jours, mais de l&rsquo;utiliser un jour sur deux dans un premier temps.<\/p>\n<p>Ne pas utiliser pendant la grossesse et pas au soleil ou sous un lit de bronzage ; prot\u00e9ger la peau du soleil.<br \/>\nN&rsquo;appliquer qu&rsquo;une fine couche le soir.<\/p>\n<p>Contenu : 30 grammes<\/p>\n","protected":false},"featured_media":2665,"comment_status":"closed","ping_status":"closed","template":"","meta":[],"product_brand":[],"product_cat":[60],"product_tag":[],"class_list":{"0":"post-2768","1":"product","2":"type-product","3":"status-publish","4":"has-post-thumbnail","6":"product_cat-creme-de-nuit","8":"first","9":"instock","10":"shipping-taxable","11":"purchasable","12":"product-type-simple"},"_links":{"self":[{"href":"https:\/\/drhamerlinck.com\/fr\/wp-json\/wp\/v2\/product\/2768","targetHints":{"allow":["GET"]}}],"collection":[{"href":"https:\/\/drhamerlinck.com\/fr\/wp-json\/wp\/v2\/product"}],"about":[{"href":"https:\/\/drhamerlinck.com\/fr\/wp-json\/wp\/v2\/types\/product"}],"replies":[{"embeddable":true,"href":"https:\/\/drhamerlinck.com\/fr\/wp-json\/wp\/v2\/comments?post=2768"}],"wp:featuredmedia":[{"embeddable":true,"href":"https:\/\/drhamerlinck.com\/fr\/wp-json\/wp\/v2\/media\/2665"}],"wp:attachment":[{"href":"https:\/\/drhamerlinck.com\/fr\/wp-json\/wp\/v2\/media?parent=2768"}],"wp:term":[{"taxonomy":"product_brand","embeddable":true,"href":"https:\/\/drhamerlinck.com\/fr\/wp-json\/wp\/v2\/product_brand?post=2768"},{"taxonomy":"product_cat","embeddable":true,"href":"https:\/\/drhamerlinck.com\/fr\/wp-json\/wp\/v2\/product_cat?post=2768"},{"taxonomy":"product_tag","embeddable":true,"href":"https:\/\/drhamerlinck.com\/fr\/wp-json\/wp\/v2\/product_tag?post=2768"}],"curies":[{"name":"wp","href":"https:\/\/api.w.org\/{rel}","templated":true}]}}