{"id":2397,"date":"2022-11-02T10:40:19","date_gmt":"2022-11-02T09:40:19","guid":{"rendered":"https:\/\/vanijzendoorndev.nl\/?page_id=2397"},"modified":"2023-04-17T14:11:35","modified_gmt":"2023-04-17T12:11:35","slug":"sept-types-de-peau","status":"publish","type":"page","link":"https:\/\/drhamerlinck.com\/fr\/sept-types-de-peau\/","title":{"rendered":"Sept types de peau"},"content":{"rendered":"<div class=\"fusion-fullwidth fullwidth-box fusion-builder-row-1 fusion-flex-container hundred-percent-fullwidth non-hundred-percent-height-scrolling\" style=\"--link_hover_color: var(--awb-color8);--link_color: var(--awb-color5);--awb-border-radius-top-left:0px;--awb-border-radius-top-right:0px;--awb-border-radius-bottom-right:0px;--awb-border-radius-bottom-left:0px;--awb-padding-top:0px;--awb-padding-right:0px;--awb-padding-bottom:0px;--awb-padding-left:0px;--awb-margin-bottom:0px;--awb-margin-bottom-medium:0px;--awb-flex-wrap:wrap;\" ><div class=\"fusion-builder-row fusion-row fusion-flex-align-items-stretch fusion-flex-content-wrap\" style=\"width:calc( 100% + 0px ) !important;max-width:calc( 100% + 0px ) !important;margin-left: calc(-0px \/ 2 );margin-right: calc(-0px \/ 2 );\"><div class=\"fusion-layout-column fusion_builder_column fusion-builder-column-0 fusion_builder_column_3_5 3_5 fusion-flex-column fusion-animated\" style=\"--awb-padding-top:10vh;--awb-padding-right:10vw;--awb-padding-bottom:10vh;--awb-padding-left:10vw;--awb-padding-top-medium:60px;--awb-padding-right-medium:60px;--awb-padding-bottom-medium:60px;--awb-padding-left-medium:60px;--awb-bg-color:var(--awb-color2);--awb-bg-color-hover:var(--awb-color2);--awb-bg-size:cover;--awb-width-large:60%;--awb-margin-top-large:0px;--awb-spacing-right-large:0px;--awb-margin-bottom-large:0px;--awb-spacing-left-large:0px;--awb-width-medium:66.666666666667%;--awb-order-medium:0;--awb-spacing-right-medium:0px;--awb-spacing-left-medium:0px;--awb-width-small:100%;--awb-order-small:0;--awb-spacing-right-small:0px;--awb-margin-bottom-small:0px;--awb-spacing-left-small:0px;\" data-animationType=\"fadeIn\" data-animationDuration=\"1.6\" data-animationOffset=\"top-into-view\"><div class=\"fusion-column-wrapper fusion-column-has-shadow fusion-flex-justify-content-center fusion-content-layout-column\"><div class=\"fusion-title title fusion-title-1 fusion-sep-none fusion-title-text fusion-title-size-one\" style=\"--awb-margin-bottom:25px;--awb-font-size:55px;\"><h1 class=\"fusion-title-heading title-heading-left fusion-responsive-typography-calculated\" style=\"margin:0;font-size:1em;--fontSize:55;line-height:1.4;\">Sept types de peau<\/h1><\/div><div class=\"fusion-text fusion-text-1\" style=\"--awb-font-size:20px;\"><p>Le dermatologue Freddy Hamerlinck a distingu\u00e9 sept types de peau : les n\u00e9gro\u00efdes, les latino-am\u00e9ricains, les est-asiatiques (des Esquimaux dans le nord aux types malaisienne \u00e0 l\u2019\u00e9quateur, y compris les Chinois et les Indiens d\u2019Am\u00e9rique du Nord et du Sud), les sud-asiatiques (y compris entre autres le Pakistan et l&rsquo;Inde, en Pays-Bas connue sous le nom de peau Hindoustan), la peau perse (Turquie, Maroc, Iran, etc.), les Aborig\u00e8nes d\u2019Australie et la peau caucasienne (la peau blanche).<\/p>\n<p>Tous ces types de peau ont leurs propres caract\u00e9ristiques et peuvent r\u00e9agir diff\u00e9remment aux influences ext\u00e9rieures. Dr Hamerlinck poss\u00e8de gr\u00e2ce \u00e0 ses nombreuses ann\u00e9es d\u2019exp\u00e9rience dans l\u2019\u00e9tude des probl\u00e8mes li\u00e9s \u00e0 la peau fonc\u00e9e une bonne id\u00e9e de la fa\u00e7on dont les maladies de la peau apparaissent dans la peau fonc\u00e9e. Cette connaissance a abouti \u00e0 un certain nombre de produits de soins qui pr\u00e9viennent et apportent des rem\u00e8des aux probl\u00e8mes propres \u00e0 la peau fonc\u00e9e.<\/p>\n<\/div><div class=\"fusion-separator fusion-full-width-sep\" style=\"align-self: center;margin-left: auto;margin-right: auto;margin-bottom:3%;width:100%;\"><\/div><\/div><\/div><div class=\"fusion-layout-column fusion_builder_column fusion-builder-column-1 fusion_builder_column_2_5 2_5 fusion-flex-column fusion-animated\" style=\"--awb-padding-top-small:0px;--awb-padding-bottom-small:0px;--awb-bg-position:center top;--awb-bg-size:cover;--awb-width-large:40%;--awb-margin-top-large:0px;--awb-spacing-right-large:0px;--awb-margin-bottom-large:0px;--awb-spacing-left-large:0px;--awb-width-medium:33.333333333333%;--awb-order-medium:0;--awb-spacing-right-medium:0px;--awb-spacing-left-medium:0px;--awb-width-small:100%;--awb-order-small:1;--awb-spacing-right-small:0px;--awb-spacing-left-small:0px;\" data-animationType=\"fadeIn\" data-animationDuration=\"1.6\" data-animationOffset=\"top-into-view\"><div class=\"fusion-column-wrapper fusion-column-has-shadow fusion-flex-justify-content-center fusion-content-layout-column\"><div class=\"awb-gallery-wrapper awb-gallery-wrapper-1 button-span-no\" style=\"--more-btn-alignment:center;margin-bottom:10px;\"><div style=\"margin:-5px;--awb-bordersize:0px;--awb-bordercolor:var(--awb-color2);\" class=\"fusion-gallery fusion-gallery-container fusion-grid-3 fusion-columns-total-3 fusion-gallery-layout-masonry fusion-gallery-1\"><div class=\"fusion-grid-column fusion-gallery-column fusion-gallery-column-3 hover-type-none fusion-grid-sizer\"><\/div><div style=\"padding:5px;\" class=\"fusion-grid-column fusion-gallery-column fusion-gallery-column-3 hover-type-none fusion-element-grid\"><div class=\"fusion-gallery-image\"><div style=\"padding-top:calc((100% + 10px) * 0.8 - 5px);background-position:17% 47%;\" class=\"fusion-masonry-element-container lazyload\" data-bg=\"https:\/\/drhamerlinck.com\/wp-content\/uploads\/2022\/11\/huidtype-1-e1667384664183.jpg\"><img decoding=\"async\" src=\"https:\/\/drhamerlinck.com\/wp-content\/uploads\/2022\/11\/huidtype-1-e1667384664183.jpg\" data-orig-src=\"https:\/\/drhamerlinck.com\/wp-content\/uploads\/2022\/11\/huidtype-1-e1667384664183.jpg\" width=\"741\" height=\"303\" alt=\"\" title=\"huidtype 1\" aria-label=\"huidtype 1\" class=\"lazyload img-responsive wp-image-2010\" srcset=\"data:image\/svg+xml,%3Csvg%20xmlns%3D%27http%3A%2F%2Fwww.w3.org%2F2000%2Fsvg%27%20width%3D%27741%27%20height%3D%27303%27%20viewBox%3D%270%200%20741%20303%27%3E%3Crect%20width%3D%27741%27%20height%3D%27303%27%20fill-opacity%3D%220%22%2F%3E%3C%2Fsvg%3E\" data-srcset=\"https:\/\/drhamerlinck.com\/wp-content\/uploads\/2022\/11\/huidtype-1-e1667384664183-200x82.jpg 200w, https:\/\/drhamerlinck.com\/wp-content\/uploads\/2022\/11\/huidtype-1-e1667384664183-400x164.jpg 400w, https:\/\/drhamerlinck.com\/wp-content\/uploads\/2022\/11\/huidtype-1-e1667384664183-600x245.jpg 600w, https:\/\/drhamerlinck.com\/wp-content\/uploads\/2022\/11\/huidtype-1-e1667384664183.jpg 741w\" data-sizes=\"auto\" data-orig-sizes=\"(min-width: 2200px) 100vw, (min-width: 784px) 417px, (min-width: 712px) 625px, (min-width: 640px) 712px, \" \/><\/div><\/div><\/div><div style=\"padding:5px;\" class=\"fusion-grid-column fusion-gallery-column fusion-gallery-column-3 hover-type-none fusion-element-grid\"><div class=\"fusion-gallery-image\"><div style=\"padding-top:calc((100% + 10px) * 0.8 - 5px);background-position:;\" class=\"fusion-masonry-element-container lazyload\" data-bg=\"https:\/\/drhamerlinck.com\/wp-content\/uploads\/2022\/11\/huidtype-2.jpg\"><img decoding=\"async\" src=\"https:\/\/drhamerlinck.com\/wp-content\/uploads\/2022\/11\/huidtype-2.jpg\" data-orig-src=\"https:\/\/drhamerlinck.com\/wp-content\/uploads\/2022\/11\/huidtype-2.jpg\" width=\"741\" height=\"307\" alt=\"\" title=\"huidtype 2\" aria-label=\"huidtype 2\" class=\"lazyload img-responsive wp-image-2011\" srcset=\"data:image\/svg+xml,%3Csvg%20xmlns%3D%27http%3A%2F%2Fwww.w3.org%2F2000%2Fsvg%27%20width%3D%27741%27%20height%3D%27307%27%20viewBox%3D%270%200%20741%20307%27%3E%3Crect%20width%3D%27741%27%20height%3D%27307%27%20fill-opacity%3D%220%22%2F%3E%3C%2Fsvg%3E\" data-srcset=\"https:\/\/drhamerlinck.com\/wp-content\/uploads\/2022\/11\/huidtype-2-200x83.jpg 200w, https:\/\/drhamerlinck.com\/wp-content\/uploads\/2022\/11\/huidtype-2-400x166.jpg 400w, https:\/\/drhamerlinck.com\/wp-content\/uploads\/2022\/11\/huidtype-2-600x249.jpg 600w, https:\/\/drhamerlinck.com\/wp-content\/uploads\/2022\/11\/huidtype-2.jpg 741w\" data-sizes=\"auto\" data-orig-sizes=\"(min-width: 2200px) 100vw, (min-width: 784px) 417px, (min-width: 712px) 625px, (min-width: 640px) 712px, \" \/><\/div><\/div><\/div><div style=\"padding:5px;\" class=\"fusion-grid-column fusion-gallery-column fusion-gallery-column-3 hover-type-none fusion-element-grid\"><div class=\"fusion-gallery-image\"><div style=\"padding-top:calc((100% + 10px) * 0.8 - 5px);background-position:0% 46%;\" class=\"fusion-masonry-element-container lazyload\" data-bg=\"https:\/\/drhamerlinck.com\/wp-content\/uploads\/2022\/11\/huidtype-3.png\"><img decoding=\"async\" src=\"https:\/\/drhamerlinck.com\/wp-content\/uploads\/2022\/11\/huidtype-3.png\" data-orig-src=\"https:\/\/drhamerlinck.com\/wp-content\/uploads\/2022\/11\/huidtype-3.png\" width=\"741\" height=\"307\" alt=\"\" title=\"huidtype 3\" aria-label=\"huidtype 3\" class=\"lazyload img-responsive wp-image-2012\" srcset=\"data:image\/svg+xml,%3Csvg%20xmlns%3D%27http%3A%2F%2Fwww.w3.org%2F2000%2Fsvg%27%20width%3D%27741%27%20height%3D%27307%27%20viewBox%3D%270%200%20741%20307%27%3E%3Crect%20width%3D%27741%27%20height%3D%27307%27%20fill-opacity%3D%220%22%2F%3E%3C%2Fsvg%3E\" data-srcset=\"https:\/\/drhamerlinck.com\/wp-content\/uploads\/2022\/11\/huidtype-3-200x83.png 200w, https:\/\/drhamerlinck.com\/wp-content\/uploads\/2022\/11\/huidtype-3-400x166.png 400w, https:\/\/drhamerlinck.com\/wp-content\/uploads\/2022\/11\/huidtype-3-600x249.png 600w, https:\/\/drhamerlinck.com\/wp-content\/uploads\/2022\/11\/huidtype-3.png 741w\" data-sizes=\"auto\" data-orig-sizes=\"(min-width: 2200px) 100vw, (min-width: 784px) 417px, (min-width: 712px) 625px, (min-width: 640px) 712px, \" \/><\/div><\/div><\/div><\/div><\/div><div class=\"awb-gallery-wrapper awb-gallery-wrapper-2 button-span-no\" style=\"--more-btn-alignment:center;margin-bottom:10px;\"><div style=\"margin:-5px;--awb-bordersize:0px;\" class=\"fusion-gallery fusion-gallery-container fusion-grid-2 fusion-columns-total-2 fusion-gallery-layout-grid fusion-gallery-2\"><div style=\"padding:5px;\" class=\"fusion-grid-column fusion-gallery-column fusion-gallery-column-2 hover-type-none\"><div class=\"fusion-gallery-image\"><img decoding=\"async\" src=\"https:\/\/drhamerlinck.com\/wp-content\/uploads\/2022\/11\/huidtype-4.jpg\" data-orig-src=\"https:\/\/drhamerlinck.com\/wp-content\/uploads\/2022\/11\/huidtype-4.jpg\" width=\"741\" height=\"307\" alt=\"\" title=\"huidtype 4\" aria-label=\"huidtype 4\" class=\"lazyload img-responsive wp-image-2013\" srcset=\"data:image\/svg+xml,%3Csvg%20xmlns%3D%27http%3A%2F%2Fwww.w3.org%2F2000%2Fsvg%27%20width%3D%27741%27%20height%3D%27307%27%20viewBox%3D%270%200%20741%20307%27%3E%3Crect%20width%3D%27741%27%20height%3D%27307%27%20fill-opacity%3D%220%22%2F%3E%3C%2Fsvg%3E\" data-srcset=\"https:\/\/drhamerlinck.com\/wp-content\/uploads\/2022\/11\/huidtype-4-200x83.jpg 200w, https:\/\/drhamerlinck.com\/wp-content\/uploads\/2022\/11\/huidtype-4-400x166.jpg 400w, https:\/\/drhamerlinck.com\/wp-content\/uploads\/2022\/11\/huidtype-4-600x249.jpg 600w, https:\/\/drhamerlinck.com\/wp-content\/uploads\/2022\/11\/huidtype-4.jpg 741w\" data-sizes=\"auto\" data-orig-sizes=\"(min-width: 2200px) 100vw, (min-width: 712px) 628px, (min-width: 640px) 712px, \" \/><\/div><\/div><div class=\"clearfix\"><\/div><div style=\"padding:5px;\" class=\"fusion-grid-column fusion-gallery-column fusion-gallery-column-2 hover-type-none\"><div class=\"fusion-gallery-image\"><img decoding=\"async\" src=\"https:\/\/drhamerlinck.com\/wp-content\/uploads\/2022\/11\/huidtype-5.png\" data-orig-src=\"https:\/\/drhamerlinck.com\/wp-content\/uploads\/2022\/11\/huidtype-5.png\" width=\"741\" height=\"307\" alt=\"\" title=\"huidtype 5\" aria-label=\"huidtype 5\" class=\"lazyload img-responsive wp-image-2014\" srcset=\"data:image\/svg+xml,%3Csvg%20xmlns%3D%27http%3A%2F%2Fwww.w3.org%2F2000%2Fsvg%27%20width%3D%27741%27%20height%3D%27307%27%20viewBox%3D%270%200%20741%20307%27%3E%3Crect%20width%3D%27741%27%20height%3D%27307%27%20fill-opacity%3D%220%22%2F%3E%3C%2Fsvg%3E\" data-srcset=\"https:\/\/drhamerlinck.com\/wp-content\/uploads\/2022\/11\/huidtype-5-200x83.png 200w, https:\/\/drhamerlinck.com\/wp-content\/uploads\/2022\/11\/huidtype-5-400x166.png 400w, https:\/\/drhamerlinck.com\/wp-content\/uploads\/2022\/11\/huidtype-5-600x249.png 600w, https:\/\/drhamerlinck.com\/wp-content\/uploads\/2022\/11\/huidtype-5.png 741w\" data-sizes=\"auto\" data-orig-sizes=\"(min-width: 2200px) 100vw, (min-width: 712px) 628px, (min-width: 640px) 712px, \" \/><\/div><\/div><\/div><\/div><div class=\"awb-gallery-wrapper awb-gallery-wrapper-3 button-span-no\" style=\"--more-btn-alignment:center;\"><div style=\"margin:-5px;--awb-bordersize:0px;\" class=\"fusion-gallery fusion-gallery-container fusion-grid-3 fusion-columns-total-3 fusion-gallery-layout-masonry fusion-gallery-3\"><div class=\"fusion-grid-column fusion-gallery-column fusion-gallery-column-3 hover-type-none fusion-grid-sizer\"><\/div><div style=\"padding:5px;\" class=\"fusion-grid-column fusion-gallery-column fusion-gallery-column-3 hover-type-none fusion-element-grid\"><div class=\"fusion-gallery-image\"><div style=\"padding-top:calc((100% + 10px) * 0.8 - 5px);background-position:55% 50%;\" class=\"fusion-masonry-element-container lazyload\" data-bg=\"https:\/\/drhamerlinck.com\/wp-content\/uploads\/2022\/11\/huidtype-5.png\"><img decoding=\"async\" src=\"https:\/\/drhamerlinck.com\/wp-content\/uploads\/2022\/11\/huidtype-5.png\" data-orig-src=\"https:\/\/drhamerlinck.com\/wp-content\/uploads\/2022\/11\/huidtype-5.png\" width=\"741\" height=\"307\" alt=\"\" title=\"huidtype 5\" aria-label=\"huidtype 5\" class=\"lazyload img-responsive wp-image-2014\" srcset=\"data:image\/svg+xml,%3Csvg%20xmlns%3D%27http%3A%2F%2Fwww.w3.org%2F2000%2Fsvg%27%20width%3D%27741%27%20height%3D%27307%27%20viewBox%3D%270%200%20741%20307%27%3E%3Crect%20width%3D%27741%27%20height%3D%27307%27%20fill-opacity%3D%220%22%2F%3E%3C%2Fsvg%3E\" data-srcset=\"https:\/\/drhamerlinck.com\/wp-content\/uploads\/2022\/11\/huidtype-5-200x83.png 200w, https:\/\/drhamerlinck.com\/wp-content\/uploads\/2022\/11\/huidtype-5-400x166.png 400w, https:\/\/drhamerlinck.com\/wp-content\/uploads\/2022\/11\/huidtype-5-600x249.png 600w, https:\/\/drhamerlinck.com\/wp-content\/uploads\/2022\/11\/huidtype-5.png 741w\" data-sizes=\"auto\" data-orig-sizes=\"(min-width: 2200px) 100vw, (min-width: 784px) 417px, (min-width: 712px) 625px, (min-width: 640px) 712px, \" \/><\/div><\/div><\/div><div style=\"padding:5px;\" class=\"fusion-grid-column fusion-gallery-column fusion-gallery-column-3 hover-type-none fusion-element-grid\"><div class=\"fusion-gallery-image\"><div style=\"padding-top:calc((100% + 10px) * 0.8 - 5px);background-position:62% 52%;\" class=\"fusion-masonry-element-container lazyload\" data-bg=\"https:\/\/drhamerlinck.com\/wp-content\/uploads\/2022\/11\/huidtype-7.jpg\"><img decoding=\"async\" src=\"https:\/\/drhamerlinck.com\/wp-content\/uploads\/2022\/11\/huidtype-7.jpg\" data-orig-src=\"https:\/\/drhamerlinck.com\/wp-content\/uploads\/2022\/11\/huidtype-7.jpg\" width=\"741\" height=\"307\" alt=\"\" title=\"huidtype 7\" aria-label=\"huidtype 7\" class=\"lazyload img-responsive wp-image-2016\" srcset=\"data:image\/svg+xml,%3Csvg%20xmlns%3D%27http%3A%2F%2Fwww.w3.org%2F2000%2Fsvg%27%20width%3D%27741%27%20height%3D%27307%27%20viewBox%3D%270%200%20741%20307%27%3E%3Crect%20width%3D%27741%27%20height%3D%27307%27%20fill-opacity%3D%220%22%2F%3E%3C%2Fsvg%3E\" data-srcset=\"https:\/\/drhamerlinck.com\/wp-content\/uploads\/2022\/11\/huidtype-7-200x83.jpg 200w, https:\/\/drhamerlinck.com\/wp-content\/uploads\/2022\/11\/huidtype-7-400x166.jpg 400w, https:\/\/drhamerlinck.com\/wp-content\/uploads\/2022\/11\/huidtype-7-600x249.jpg 600w, https:\/\/drhamerlinck.com\/wp-content\/uploads\/2022\/11\/huidtype-7.jpg 741w\" data-sizes=\"auto\" data-orig-sizes=\"(min-width: 2200px) 100vw, (min-width: 784px) 417px, (min-width: 712px) 625px, (min-width: 640px) 712px, \" \/><\/div><\/div><\/div><div style=\"padding:5px;\" class=\"fusion-grid-column fusion-gallery-column fusion-gallery-column-3 hover-type-none fusion-element-grid\"><div class=\"fusion-gallery-image\"><div style=\"padding-top:calc((100% + 10px) * 0.8 - 5px);background-position:40% 49%;\" class=\"fusion-masonry-element-container lazyload\" data-bg=\"https:\/\/drhamerlinck.com\/wp-content\/uploads\/2023\/02\/IMG_7540-aziatisch-meisje-200x200px.jpg\"><img decoding=\"async\" src=\"data:image\/svg+xml,%3Csvg%20xmlns%3D%27http%3A%2F%2Fwww.w3.org%2F2000%2Fsvg%27%20width%3D%27200%27%20height%3D%27200%27%20viewBox%3D%270%200%20200%20200%27%3E%3Crect%20width%3D%27200%27%20height%3D%27200%27%20fill-opacity%3D%220%22%2F%3E%3C%2Fsvg%3E\" data-orig-src=\"https:\/\/drhamerlinck.com\/wp-content\/uploads\/2023\/02\/IMG_7540-aziatisch-meisje-200x200px.jpg\" width=\"200\" height=\"200\" alt=\"\" title=\"IMG_7540 aziatisch meisje 200x200px\" aria-label=\"IMG_7540 aziatisch meisje 200x200px\" class=\"lazyload img-responsive wp-image-2859\"  \/><\/div><\/div><\/div><\/div><\/div><\/div><\/div><\/div><\/div>\n","protected":false},"excerpt":{"rendered":"","protected":false},"author":1,"featured_media":0,"parent":0,"menu_order":0,"comment_status":"closed","ping_status":"closed","template":"100-width.php","meta":{"footnotes":""},"class_list":["post-2397","page","type-page","status-publish","hentry"],"_links":{"self":[{"href":"https:\/\/drhamerlinck.com\/fr\/wp-json\/wp\/v2\/pages\/2397","targetHints":{"allow":["GET"]}}],"collection":[{"href":"https:\/\/drhamerlinck.com\/fr\/wp-json\/wp\/v2\/pages"}],"about":[{"href":"https:\/\/drhamerlinck.com\/fr\/wp-json\/wp\/v2\/types\/page"}],"author":[{"embeddable":true,"href":"https:\/\/drhamerlinck.com\/fr\/wp-json\/wp\/v2\/users\/1"}],"replies":[{"embeddable":true,"href":"https:\/\/drhamerlinck.com\/fr\/wp-json\/wp\/v2\/comments?post=2397"}],"version-history":[{"count":17,"href":"https:\/\/drhamerlinck.com\/fr\/wp-json\/wp\/v2\/pages\/2397\/revisions"}],"predecessor-version":[{"id":3016,"href":"https:\/\/drhamerlinck.com\/fr\/wp-json\/wp\/v2\/pages\/2397\/revisions\/3016"}],"wp:attachment":[{"href":"https:\/\/drhamerlinck.com\/fr\/wp-json\/wp\/v2\/media?parent=2397"}],"curies":[{"name":"wp","href":"https:\/\/api.w.org\/{rel}","templated":true}]}}