{"id":2342,"date":"2020-07-24T18:14:31","date_gmt":"2020-07-24T16:14:31","guid":{"rendered":"https:\/\/vanijzendoorndev.nl\/?page_id=2342"},"modified":"2023-04-17T14:03:38","modified_gmt":"2023-04-17T12:03:38","slug":"docteur-hamerlinck","status":"publish","type":"page","link":"https:\/\/drhamerlinck.com\/fr\/docteur-hamerlinck\/","title":{"rendered":"Docteur Hamerlinck"},"content":{"rendered":"<div class=\"fusion-fullwidth fullwidth-box fusion-builder-row-1 fusion-flex-container nonhundred-percent-fullwidth non-hundred-percent-height-scrolling\" style=\"--awb-border-radius-top-left:0px;--awb-border-radius-top-right:0px;--awb-border-radius-bottom-right:0px;--awb-border-radius-bottom-left:0px;--awb-padding-top:50px;--awb-padding-bottom:0px;--awb-padding-top-medium:5vh;--awb-padding-bottom-medium:5vh;--awb-padding-top-small:54px;--awb-margin-bottom-small:0px;--awb-background-image:linear-gradient(180deg, var(--awb-color2) 0%,rgba(255,249,243,0) 100%);--awb-flex-wrap:wrap;\" ><div class=\"fusion-builder-row fusion-row fusion-flex-align-items-stretch fusion-flex-content-wrap\" style=\"max-width:1323px;margin-left: calc(-5% \/ 2 );margin-right: calc(-5% \/ 2 );\"><div class=\"fusion-layout-column fusion_builder_column fusion-builder-column-0 fusion-flex-column\" style=\"--awb-bg-size:cover;--awb-width-large:90%;--awb-margin-top-large:0px;--awb-spacing-right-large:2.6388888888889%;--awb-margin-bottom-large:20px;--awb-spacing-left-large:2.6388888888889%;--awb-width-medium:100%;--awb-order-medium:0;--awb-spacing-right-medium:2.375%;--awb-spacing-left-medium:2.375%;--awb-width-small:100%;--awb-order-small:0;--awb-spacing-right-small:2.375%;--awb-spacing-left-small:2.375%;\"><div class=\"fusion-column-wrapper fusion-column-has-shadow fusion-flex-justify-content-flex-start fusion-content-layout-column\"><div class=\"fusion-text fusion-text-1\"><h1 id=\"mytitle\" class=\"fusion-responsive-typography-calculated\" style=\"--fontsize: 64; line-height: 1.35;\" data-fontsize=\"64\" data-lineheight=\"86.4px\"><img decoding=\"async\" class=\"lazyload drimage alignright wp-image-1979 size-fusion-600\" src=\"https:\/\/drhamerlinck.com\/wp-content\/uploads\/2022\/11\/foto-Freddy-Hamerlinck1024-x-768-600x450.jpg\" data-orig-src=\"https:\/\/drhamerlinck.com\/wp-content\/uploads\/2022\/11\/foto-Freddy-Hamerlinck1024-x-768-600x450.jpg\" alt=\"\" width=\"600\" height=\"450\" srcset=\"data:image\/svg+xml,%3Csvg%20xmlns%3D%27http%3A%2F%2Fwww.w3.org%2F2000%2Fsvg%27%20width%3D%27600%27%20height%3D%27450%27%20viewBox%3D%270%200%20600%20450%27%3E%3Crect%20width%3D%27600%27%20height%3D%27450%27%20fill-opacity%3D%220%22%2F%3E%3C%2Fsvg%3E\" data-srcset=\"https:\/\/drhamerlinck.com\/wp-content\/uploads\/2022\/11\/foto-Freddy-Hamerlinck1024-x-768-200x150.jpg 200w, https:\/\/drhamerlinck.com\/wp-content\/uploads\/2022\/11\/foto-Freddy-Hamerlinck1024-x-768-300x225.jpg 300w, https:\/\/drhamerlinck.com\/wp-content\/uploads\/2022\/11\/foto-Freddy-Hamerlinck1024-x-768-400x300.jpg 400w, https:\/\/drhamerlinck.com\/wp-content\/uploads\/2022\/11\/foto-Freddy-Hamerlinck1024-x-768-500x375.jpg 500w, https:\/\/drhamerlinck.com\/wp-content\/uploads\/2022\/11\/foto-Freddy-Hamerlinck1024-x-768-600x450.jpg 600w, https:\/\/drhamerlinck.com\/wp-content\/uploads\/2022\/11\/foto-Freddy-Hamerlinck1024-x-768-700x525.jpg 700w, https:\/\/drhamerlinck.com\/wp-content\/uploads\/2022\/11\/foto-Freddy-Hamerlinck1024-x-768-768x576.jpg 768w, https:\/\/drhamerlinck.com\/wp-content\/uploads\/2022\/11\/foto-Freddy-Hamerlinck1024-x-768-800x600.jpg 800w, https:\/\/drhamerlinck.com\/wp-content\/uploads\/2022\/11\/foto-Freddy-Hamerlinck1024-x-768.jpg 1024w\" data-sizes=\"auto\" data-orig-sizes=\"(max-width: 600px) 100vw, 600px\" \/><span style=\"font-size: 43px; line-height: 1.35em;\" data-fusion-font=\"true\">Dokter Hamerlinck<\/span><\/h1>\n<p>Le Dr Hamerlinck a commenc\u00e9 sa carri\u00e8re au Congo en tant que professeur de chimie, de physique et d\u2019\u00e9lectricit\u00e9. \u00a0Malgr\u00e9 les dangers et les limites, il revient sur cette p\u00e9riode avec nostalgie. \u00a0Apr\u00e8s plus de vingt ans de travail en tant que dermatologue ethnique dans le cabinet Reigersbos \u00e0 Amsterdam, il est retourn\u00e9 dans la brousse, mais en Am\u00e9rique du Sud (Suriname). Lorsque le Dr. Hamerlinck est arriv\u00e9 au Congo a l\u2019\u00e2ge de 22 ans, ce fut un grand choc culturel, sans eau ni \u00e9lectricit\u00e9. \u00ab\u00a0Nous avons d\u00fb nous d\u00e9brouiller avec des lampes \u00e0 p\u00e9trole\u00a0\u00bb, se souvient -il. Tout comme aujourd\u2019hui, en 1969, c\u2019\u00e9tait tr\u00e8s agite au Congo. Hamerlinck \u00e9tait dans une r\u00e9gion entre deux groupes, qui se faisaient la guerre. En raison de la communication quasi inexistante vers l\u2019Europe, il n\u2019en avait pas connaissance auparavant. Pourtant, il repense \u00e0 cette p\u00e9riode avec m\u00e9lancolie\u00a0: \u00ab\u00a0Si vous avez v\u00e9cu dans la brousse pendant deux ans, vous ne voulez pas en sortir mais revenir encore et encore. Cela m\u2019attire toujours de retourner dans les r\u00e9gions tropicales et d\u2019aller apporter mon aide l\u00e0-bas.\u00a0\u00bb<\/p>\n<h2 class=\"fusion-responsive-typography-calculated\" style=\"--fontsize: 30; line-height: 1.3; --minfontsize: 30;\" data-fontsize=\"30\" data-lineheight=\"39px\">Immediatement en formation<\/h2>\n<p>En 1971, le Dr Hamerlinck revient \u00e0 Bruxelles. Un an plus tard, le Professeur Kint, chez qui il avait effectu\u00e9 un stage de bact\u00e9riologie \u00e0 Gand, l\u2019informe qu\u2019\u00e0 Amsterdam un poste est libre aupr\u00e8s du Professeur Cormane.\u00a0\u00ab\u00a0Je ne connais pas du tout Amsterdam, mais c\u2019\u00e9tait quelque chose de diff\u00e8rent de la jungle du Congo\u00a0\u00bb, r\u00e9pond-il avec euph\u00e9misme. Pourtant, il avait des similitudes entre les deux endroits. Dans la Binnengasthuis, ou un laboratoire de recherche en dermatologie immunitaire devait \u00eatre installer dans un grenier, il n\u2019y avait m\u00eame pas d\u2019eau ni d\u2019\u00e9lectricit\u00e9. Bien que le Dr Hamerlinck n\u2019ait acquis qu\u2019une certaine exp\u00e9rience de la recherche en oncologie et qu\u2019il ne disposait, il n\u2019ait gu\u00e8re acc\u00e8s \u00e0 des installations, il a r\u00e9ussi \u00e0 fonder un laboratoire, qu\u2019il a dirig\u00e9 pendant sept ans. \u00ab\u00a0Les assistants se sont succ\u00e9d\u00e9 l\u2019un apr\u00e8s l\u2019autre pendant un an. J\u2019ai pens\u00e9 : \u00ab\u00a0S\u2019ils sont capable de faire de la m\u00e9decine, moi aussi. Apparemment, cela ne devrait pas \u00eatre si difficile.\u00a0\u00bb<\/p>\n<p>A l\u2019\u00e2ge de 32 ans, le Dr Hamerlinck a finalement d\u00e9cid\u00e9 d\u2019\u00e9tudier la m\u00e9dicine. Le professeur Cormane, chef du service de dermatologie, a d\u00e9clar\u00e9 \u00e0 l\u2019\u00e9poque\u00a0: \u00ab\u00a0Si vous terminez la formation, vous pouvez imm\u00e9diatement commencer votre sp\u00e9cialisation en dermatologie.\u00a0\u00bb Cela fait du Dr Hamerlinck le seul m\u00e9decin au monde \u00e0 avoir d\u00e9j\u00e0 eu sa place en sp\u00e9cialit\u00e9 avant de commencer ses \u00e9tudes de m\u00e9decine. \u00a0Quelque mois apr\u00e8s ses stages, un poste en sp\u00e9cialisation se lib\u00e8re. \u00ab\u00a0Malheureusement, le Professeur Cormane d\u00e9c\u00e8de deux semaines avant que je commence ma formation.\u00a0\u00bb Entre -temps, la Binnengasthuis avait d\u00e9m\u00e9nag\u00e9 au Centre Medical Universitair (AMC). \u00ab\u00a0Je me suis donc retrouve dans un d\u00e9partement, ou il n\u2019y avait plus de chef, l\u2019avantage \u00e9tant que le Dr Bos devenait Professeur. \u00a0A l\u2019\u00e9poque il faisait son doctorat avec moi.\u00a0\u00bb Afin de poursuivre ses recherches en cours sur la N\u00e9opterine, qui permet de mesurer l\u2019activit\u00e9 des macrophages, il a d\u00fb ouvrir un cabinet pr\u00e8s de l\u2019AMC apr\u00e8s sa formation de dermatologue. Cela s\u2019est produit en 1991 \u00e0 Reigersbos. En pratique, il ne voyait presque que de peau fonc\u00e9e dans le Bijlmermeer.<\/p>\n<h2 class=\"fusion-responsive-typography-calculated\" style=\"--fontsize: 30; line-height: 1.3; --minfontsize: 30;\" data-fontsize=\"30\" data-lineheight=\"39px\">Peau foncee<\/h2>\n<p>Grace a son exp\u00e9rience pratique de 22 ans, au cours de laquelle il a traite pr\u00e8s de 70.000 patients \u00e0 la peau color\u00e9e, le Dr Hamerlinck a d\u00e9couvert que la peau des personnes sombres \u00e9tait tr\u00e8s diff\u00e9rente en structure et en \u00e9volution de la maladie. Cependant, il n\u2019y avait pas une seule r\u00e9f\u00e9rence dans le monde sur la fa\u00e7on de traiter les affections cutan\u00e9es dans la peau pigment\u00e9e. \u00ab\u00a0J\u2019ai d\u00fb comprendre tout cela moi-m\u00eame et j\u2019ai commenc\u00e9 \u00e0 \u00e9crire mes exp\u00e9riences. Ensuite, j\u2019ai eu le choix\u00a0: \u00ab\u00a0soit faire un doctorat en premier soit publier mon livre.\u00a0\u00bb Il a d\u00e9cid\u00e9 de publier d\u2019abord son livre sur \u00ab\u00a0Efflorecences de la peau pigment\u00e9e.\u00a0\u00bb (1998). En 1999, sa th\u00e8se sur la N\u00e9opterine a \u00e9t\u00e9 publi\u00e9e. En outre, il avait une pratique tr\u00e8s charg\u00e9e.<\/p>\n<p>Apr\u00e8s avoir termin\u00e9 ses recherches doctorales, le Dr Hamerlinck s\u2019est concentre sur la dermatologie ethnique. Il a publi\u00e9 plusieurs livres dont un manuel en anglais sur ce sujet \u00ab\u00a0Textbook of Ethnic Dermatology\u00a0\u00bb. Avec cette livre il a eu beaucoup du succ\u00e8s en Am\u00e9rique.<\/p>\n<h2 class=\"fusion-responsive-typography-calculated\" style=\"--fontsize: 30; line-height: 1.3; --minfontsize: 30;\" data-fontsize=\"30\" data-lineheight=\"39px\">Suriname<\/h2>\n<p><span style=\"background-color: rgba(255, 255, 255, 0); color: var(--body_typography-color); font-family: var(--body_typography-font-family); font-size: var(--body_typography-font-size); font-style: var(--body_typography-font-style,normal); font-weight: var(--body_typography-font-weight); letter-spacing: var(--body_typography-letter-spacing);\">Depuis son s\u00e9jour de deux ans, \u00e0 l\u2019\u00e2ge de vingt-deux ans, Hamerlinck n\u2019est pas retourn\u00e9 au Congo. Bien qu\u2019on lui pose r\u00e9guli\u00e8rement cette question. Il a pass\u00e9 beaucoup de temps au Suriname ou il travaillait \u00e0 l\u2019h\u00f4pital Diakonessen Ziekenhuis de Paramaribo et par le biais de sa fondation de l\u2019\u00e9poque, la \u00ab Dr Hamerlinck foundation \u00bb, il a essay\u00e9 d\u2019offrir de l\u2019aide \u00e0 la fondation Ester, ou vive des patients atteints de la L\u00e8pre et \u00e0 la maison Claudia-A ou vivent des enfants atteints du sida.<\/span><\/p>\n<h2>Retour en Belgique<\/h2>\n<p>Depuis 2018 jusqu\u2019\u00e0 avril 2021 le Dr Hamerlinck travaillait comme dermatologue \u00e0 l\u2019h\u00f4pital Jan Yperman \u00e0 Ypres. Il s\u2019int\u00e9ressait particuli\u00e8rement au cancer de la peau, a l\u2019inflammation de la peau et aux allergies.<\/p>\n<h2>Italie<\/h2>\n<p>En 2020, le Dr Hamerlinck est devenu membre de l\u2019ADECA (Associazione Dermatologi Campani) pour laquelle il a men\u00e9 une \u00e9tude \u00e0 Naples d\u2019avril 2021 \u00e0 d\u00e9cembre 2021 sur le traitement des cicatrices dues aux proc\u00e9dures dermatologiques et aux br\u00fblures. Les r\u00e9sultats de ces traitements ont \u00e9t\u00e9 pr\u00e9sent\u00e9s au congr\u00e8s de l\u2019ADECA en octobre 2021. Pendant ce temps, le Dr Hamerlinck a aussi particip\u00e9 au diagnostic du cancer de la peau. A l\u2019occasion du congr\u00e8s de l\u2019ADECA en octobre 2020 et 2021, le Dr Hamerlinck a \u00e9galement fait une pr\u00e9sentation sur la peau ethnique.<\/p>\n<h2>DE NOS JOURS<\/h2>\n<p>Le Dr Hamerlinck n\u2019est plus retourn\u00e9 au Congo depuis son s\u00e9jour de 2 ans alors qu\u2019il \u00e9tait \u00e2ge de 22 ans. Bien qu\u2019on lui demande r\u00e9guli\u00e8rement, le danger y est trop grand vu l\u2019instabilit\u00e9 du pays. De nos jours le Dr Hamerlinck travaille \u00e0 l\u2019h\u00f4pital AZ West a Furnes en Belgique.<\/p>\n<\/div><\/div><\/div><\/div><\/div>\n","protected":false},"excerpt":{"rendered":"","protected":false},"author":1,"featured_media":0,"parent":0,"menu_order":0,"comment_status":"closed","ping_status":"closed","template":"100-width.php","meta":{"footnotes":""},"class_list":["post-2342","page","type-page","status-publish","hentry"],"_links":{"self":[{"href":"https:\/\/drhamerlinck.com\/fr\/wp-json\/wp\/v2\/pages\/2342","targetHints":{"allow":["GET"]}}],"collection":[{"href":"https:\/\/drhamerlinck.com\/fr\/wp-json\/wp\/v2\/pages"}],"about":[{"href":"https:\/\/drhamerlinck.com\/fr\/wp-json\/wp\/v2\/types\/page"}],"author":[{"embeddable":true,"href":"https:\/\/drhamerlinck.com\/fr\/wp-json\/wp\/v2\/users\/1"}],"replies":[{"embeddable":true,"href":"https:\/\/drhamerlinck.com\/fr\/wp-json\/wp\/v2\/comments?post=2342"}],"version-history":[{"count":12,"href":"https:\/\/drhamerlinck.com\/fr\/wp-json\/wp\/v2\/pages\/2342\/revisions"}],"predecessor-version":[{"id":3012,"href":"https:\/\/drhamerlinck.com\/fr\/wp-json\/wp\/v2\/pages\/2342\/revisions\/3012"}],"wp:attachment":[{"href":"https:\/\/drhamerlinck.com\/fr\/wp-json\/wp\/v2\/media?parent=2342"}],"curies":[{"name":"wp","href":"https:\/\/api.w.org\/{rel}","templated":true}]}}